{"id":394,"date":"2022-08-23T16:32:03","date_gmt":"2022-08-23T16:32:03","guid":{"rendered":"https:\/\/ssm.websitebureau.nl\/?page_id=394"},"modified":"2022-08-30T10:22:30","modified_gmt":"2022-08-30T10:22:30","slug":"arrangeurs","status":"publish","type":"page","link":"https:\/\/smallstonemedia.com\/de\/arrangeurs\/","title":{"rendered":"Arrangeure"},"content":{"rendered":"<h2 class=\"wp-block-heading\">\u00dcber das Bearbeiten und Arrangieren von Werken<\/h2>\n\n\n\n<p>Ein Arrangement ist eine Ver\u00e4nderung in der Musik. Dies gilt sowohl f\u00fcr den Text (z. B. eine \u00dcbersetzung) als auch f\u00fcr die Komposition (z. B. ein Arrangement). Auch Bearbeiter ben\u00f6tigen die Erlaubnis des Verlegers, um ein Arrangement eines bestehenden Werks zu erstellen.<\/p>\n\n\n\n<p><\/p>\n\n\n\n<h2 class=\"wp-block-heading\">M\u00f6chten Sie ein Werk bearbeiten\/arrangieren?<\/h2>\n\n\n\n<ol class=\"wp-block-list\" type=\"1\"><li>Pr\u00fcfen Sie zun\u00e4chst, ob<a href=\"http:\/\/smallstonemedia.com\/de\/\" data-type=\"page\" data-id=\"14\"> Kleine Steinmedien<\/a> steht f\u00fcr den Verlag, dessen Werke Sie vermitteln m\u00f6chten. Im Zweifelsfall wenden Sie sich bitte an uns.<\/li><li>Um die Genehmigung zu erteilen, ben\u00f6tigen wir die folgenden Informationen: Der Titel des Werks, Angaben zum Urheberrecht, eventuell ein Link zur Originalaufnahme.<\/li><li>Bitte geben Sie in Ihrem Antrag auch an, wie und wo die Daten verarbeitet werden sollen.<\/li><li>Senden Sie Ihre Anfrage per E-Mail an: <a href=\"mailto:service@smallstonemedia.nl\">service@smallstonemedia.nl<\/a><\/li><\/ol>\n\n\n\n<p><strong>Nachdem Sie die Genehmigung erhalten haben, k\u00f6nnen Sie mit der Arbeit beginnen.<\/strong> Sobald Sie Ihr Arrangement fertiggestellt haben, senden Sie es bitte mit den korrekten Urheberrechtsinformationen an uns. Eine Demo ist nicht erforderlich, aber erw\u00fcnscht.<\/p>\n\n\n\n<p><strong><em>Wir werden uns bem\u00fchen, Ihre Anfrage so schnell wie m\u00f6glich zu bearbeiten, aber bitte rechnen Sie mit 1-2 Monaten Bearbeitungszeit.<\/em><\/strong><\/p>\n\n\n\n<p>Hinweis: Aus urheberrechtlichen Gr\u00fcnden ist es nicht gestattet, eine Bearbeitung zu verwenden, die nicht zuvor vom Verlag genehmigt wurde.<\/p>\n\n\n\n<p><\/p>\n\n\n\n<h3 class=\"wp-block-heading\">BumaStemra \u00fcber Anpassungen<\/h3>\n\n\n\n<p>Klicken Sie auf <a rel=\"noreferrer noopener\" href=\"https:\/\/www.bumastemra.nl\/faq\/bewerkingen\/\" target=\"_blank\">hier<\/a> f\u00fcr weitere Informationen von BumaStemra \u00fcber die Durchf\u00fchrung von Bearbeitungen.<\/p>","protected":false},"excerpt":{"rendered":"<p>F\u00fcr Arrangeure bietet Small Stone Media verschiedene M\u00f6glichkeiten rund um Arrangements, Bearbeitungen und Rechte.<\/p>","protected":false},"author":1,"featured_media":395,"parent":0,"menu_order":0,"comment_status":"closed","ping_status":"closed","template":"","meta":{"footnotes":""},"class_list":["post-394","page","type-page","status-publish","has-post-thumbnail","hentry"],"blocksy_meta":{"styles_descriptor":{"styles":{"desktop":"","tablet":"","mobile":""},"google_fonts":[],"version":6}},"_links":{"self":[{"href":"https:\/\/smallstonemedia.com\/de\/wp-json\/wp\/v2\/pages\/394","targetHints":{"allow":["GET"]}}],"collection":[{"href":"https:\/\/smallstonemedia.com\/de\/wp-json\/wp\/v2\/pages"}],"about":[{"href":"https:\/\/smallstonemedia.com\/de\/wp-json\/wp\/v2\/types\/page"}],"author":[{"embeddable":true,"href":"https:\/\/smallstonemedia.com\/de\/wp-json\/wp\/v2\/users\/1"}],"replies":[{"embeddable":true,"href":"https:\/\/smallstonemedia.com\/de\/wp-json\/wp\/v2\/comments?post=394"}],"version-history":[{"count":2,"href":"https:\/\/smallstonemedia.com\/de\/wp-json\/wp\/v2\/pages\/394\/revisions"}],"predecessor-version":[{"id":932,"href":"https:\/\/smallstonemedia.com\/de\/wp-json\/wp\/v2\/pages\/394\/revisions\/932"}],"wp:featuredmedia":[{"embeddable":true,"href":"https:\/\/smallstonemedia.com\/de\/wp-json\/wp\/v2\/media\/395"}],"wp:attachment":[{"href":"https:\/\/smallstonemedia.com\/de\/wp-json\/wp\/v2\/media?parent=394"}],"curies":[{"name":"wp","href":"https:\/\/api.w.org\/{rel}","templated":true}]}}