{"id":354,"date":"2022-08-23T15:36:14","date_gmt":"2022-08-23T15:36:14","guid":{"rendered":"https:\/\/ssm.websitebureau.nl\/?page_id=354"},"modified":"2022-08-30T10:55:44","modified_gmt":"2022-08-30T10:55:44","slug":"vertalers","status":"publish","type":"page","link":"https:\/\/smallstonemedia.com\/de\/vertalers\/","title":{"rendered":"\u00dcbersetzer"},"content":{"rendered":"<h2 class=\"wp-block-heading\">F\u00fcr \u00dcbersetzer: \u00fcber das \u00dcbersetzen von Werken<\/h2>\n\n\n\n<p>Das \u00dcbersetzen fremder Werke in die eigene Sprache ist eine wichtige Arbeit, die bestimmten Anforderungen gen\u00fcgen muss.<\/p>\n\n\n\n<p>Eine gute \u00dcbersetzung bleibt der Botschaft und dem Inhalt des Originaltextes treu, ist theologisch korrekt und in einer Sprache verfasst, die leicht zu singen ist. Eine schlechte \u00dcbersetzung ger\u00e4t schnell in Vergessenheit, aber eine gute \u00dcbersetzung kann einem Lied ein ganz neues Leben geben, so dass es von anderen verbreitet und verwendet werden kann und noch mehr Menschen inspiriert.<\/p>\n\n\n\n<ul class=\"wp-block-list\"><li>Es steht jedem frei, ein Werk zu \u00fcbersetzen, aber bitte pr\u00fcfen Sie zuerst, ob es nicht bereits eine genehmigte \u00dcbersetzung des Liedes gibt, das Sie \u00fcbersetzen m\u00f6chten.<\/li><li>Es ist nicht gestattet, eine \u00dcbersetzung zu verwenden, die nicht zuvor vom Verlag genehmigt wurde. Dies ist zum einen aus urheberrechtlichen Gr\u00fcnden wichtig, zum anderen aber auch, um sicherzustellen, dass nicht verschiedene Versionen derselben Ausgabe verbreitet werden.<\/li><\/ul>\n\n\n\n<p><\/p>\n\n\n\n<h2 class=\"wp-block-heading\">M\u00f6chten Sie ein Werk \u00fcbersetzen?<\/h2>\n\n\n\n<p>Wenn Sie eine \u00dcbersetzung einreichen m\u00f6chten, gehen Sie wie folgt vor:<\/p>\n\n\n\n<ol class=\"wp-block-list\" type=\"1\"><li>\u00dcberpr\u00fcfen Sie zun\u00e4chst, ob Small Stone Media den Verlag vertritt, dessen \u00dcbersetzung Sie \u00fcbersetzen m\u00f6chten. Im Zweifelsfall k\u00f6nnen Sie sich gerne an uns wenden.<\/li><li>Herunterladen&nbsp;<a href=\"http:\/\/smallstonemedia.com\/wp-content\/uploads\/2022\/08\/SSM_translation_request_form-2022.xls\" data-type=\"URL\">\u00dcbersetzungsvorlage<\/a> (Microsoft Excel-Dokument).<\/li><li>Benennen Sie die Datei nach dem Originaltitel + der Sprache, in die sie \u00fcbersetzt wurde.<\/li><li>Schreiben Sie den Originaltext in Spalte A, die \u00dcbersetzung in Spalte B und eine wortgetreue R\u00fcck\u00fcbersetzung ins Englische in Spalte C.<\/li><li>Senden Sie das Dokument per E-Mail an&nbsp;<a rel=\"noreferrer noopener\" href=\"mailto:publishing@davidmedia.se\" target=\"_blank\">service@smallstonemedia.com<\/a><\/li><\/ol>\n\n\n\n<p><strong><em>Wir bem\u00fchen uns, Ihre Anfrage so schnell wie m\u00f6glich zu bearbeiten. Bitte rechnen Sie jedoch mit einer Antwortzeit von 1-2 Monaten, da wir unsere \u00dcbersetzungsgruppen und die Originalverlage konsultieren m\u00fcssen.<\/em><\/strong><\/p>\n\n\n\n<p><\/p>\n\n\n\n<h3 class=\"wp-block-heading\">Tipp!<\/h3>\n\n\n\n<p>Eine gute \u00dcbersetzung braucht Zeit, und es ist oft sinnvoll, mehrere Personen in den Prozess einzubeziehen. Wir empfehlen Ihnen, Ihre \u00dcbersetzung von Dritten \u00fcberpr\u00fcfen zu lassen, bevor Sie sie uns per E-Mail zusenden. Denken Sie zum Beispiel an jemanden, der viel \u00fcber die Bibel wei\u00df und den Text aus einer theologischen Perspektive betrachten kann. Probieren Sie ihn auch aus und beurteilen Sie seine Singbarkeit.<\/p>\n\n\n\n<div class=\"wp-block-buttons is-layout-flex wp-block-buttons-is-layout-flex\">\n<div class=\"wp-block-button\"><a class=\"wp-block-button__link\" href=\"http:\/\/smallstonemedia.com\/de\/licenties\/\" style=\"border-radius:100px\">Zu den Lizenzen<\/a><\/div>\n<\/div>","protected":false},"excerpt":{"rendered":"<p>Das \u00dcbersetzen fremder Werke in die eigene Sprache ist eine wichtige Arbeit, die bestimmten Anforderungen gen\u00fcgen muss. <\/p>","protected":false},"author":1,"featured_media":355,"parent":0,"menu_order":0,"comment_status":"closed","ping_status":"closed","template":"","meta":{"footnotes":""},"class_list":["post-354","page","type-page","status-publish","has-post-thumbnail","hentry"],"blocksy_meta":{"styles_descriptor":{"styles":{"desktop":"","tablet":"","mobile":""},"google_fonts":[],"version":6}},"_links":{"self":[{"href":"https:\/\/smallstonemedia.com\/de\/wp-json\/wp\/v2\/pages\/354","targetHints":{"allow":["GET"]}}],"collection":[{"href":"https:\/\/smallstonemedia.com\/de\/wp-json\/wp\/v2\/pages"}],"about":[{"href":"https:\/\/smallstonemedia.com\/de\/wp-json\/wp\/v2\/types\/page"}],"author":[{"embeddable":true,"href":"https:\/\/smallstonemedia.com\/de\/wp-json\/wp\/v2\/users\/1"}],"replies":[{"embeddable":true,"href":"https:\/\/smallstonemedia.com\/de\/wp-json\/wp\/v2\/comments?post=354"}],"version-history":[{"count":12,"href":"https:\/\/smallstonemedia.com\/de\/wp-json\/wp\/v2\/pages\/354\/revisions"}],"predecessor-version":[{"id":969,"href":"https:\/\/smallstonemedia.com\/de\/wp-json\/wp\/v2\/pages\/354\/revisions\/969"}],"wp:featuredmedia":[{"embeddable":true,"href":"https:\/\/smallstonemedia.com\/de\/wp-json\/wp\/v2\/media\/355"}],"wp:attachment":[{"href":"https:\/\/smallstonemedia.com\/de\/wp-json\/wp\/v2\/media?parent=354"}],"curies":[{"name":"wp","href":"https:\/\/api.w.org\/{rel}","templated":true}]}}