{"id":181,"date":"2022-05-30T21:52:16","date_gmt":"2022-05-30T21:52:16","guid":{"rendered":"https:\/\/ssm.websitebureau.nl\/?page_id=181"},"modified":"2022-08-30T10:26:04","modified_gmt":"2022-08-30T10:26:04","slug":"auteurs-uitgevers","status":"publish","type":"page","link":"https:\/\/smallstonemedia.com\/de\/auteurs-uitgevers\/","title":{"rendered":"Autoren und Verleger"},"content":{"rendered":"<div data-elementor-type=\"wp-page\" data-elementor-id=\"181\" class=\"elementor elementor-181\" data-elementor-settings=\"{&quot;ha_cmc_init_switcher&quot;:&quot;no&quot;}\" data-elementor-post-type=\"page\">\n\t\t\t\t\t\t<section class=\"elementor-section elementor-top-section elementor-element elementor-element-04a7306 elementor-section-boxed elementor-section-height-default elementor-section-height-default\" data-id=\"04a7306\" data-element_type=\"section\" data-e-type=\"section\" data-settings=\"{&quot;background_background&quot;:&quot;classic&quot;,&quot;_ha_eqh_enable&quot;:false}\">\n\t\t\t\t\t\t\t<div class=\"elementor-background-overlay\"><\/div>\n\t\t\t\t\t\t\t<div class=\"elementor-container elementor-column-gap-default\">\n\t\t\t\t\t<div class=\"elementor-column elementor-col-100 elementor-top-column elementor-element elementor-element-4ac0660\" data-id=\"4ac0660\" data-element_type=\"column\" data-e-type=\"column\">\n\t\t\t<div class=\"elementor-widget-wrap elementor-element-populated\">\n\t\t\t\t\t\t<div class=\"elementor-element elementor-element-a6296f5 elementor-widget elementor-widget-heading\" data-id=\"a6296f5\" data-element_type=\"widget\" data-e-type=\"widget\" data-widget_type=\"heading.default\">\n\t\t\t\t\t<h1 class=\"elementor-heading-title elementor-size-default\">Autoren und Verleger<\/h1>\t\t\t\t<\/div>\n\t\t\t\t<div class=\"elementor-element elementor-element-772a616 elementor-widget elementor-widget-text-editor\" data-id=\"772a616\" data-element_type=\"widget\" data-e-type=\"widget\" data-widget_type=\"text-editor.default\">\n\t\t\t\t\t\t\t\t\t<p>Hier finden Sie eine vollst\u00e4ndige \u00dcbersicht der von uns vertretenen christlichen K\u00fcnstler und Verlage.<\/p>\t\t\t\t\t\t\t\t<\/div>\n\t\t\t\t\t<\/div>\n\t\t<\/div>\n\t\t\t\t\t<\/div>\n\t\t<\/section>\n\t\t\t\t<section class=\"elementor-section elementor-top-section elementor-element elementor-element-feceb86 elementor-section-boxed elementor-section-height-default elementor-section-height-default\" data-id=\"feceb86\" data-element_type=\"section\" data-e-type=\"section\" data-settings=\"{&quot;background_background&quot;:&quot;classic&quot;,&quot;_ha_eqh_enable&quot;:false}\">\n\t\t\t\t\t\t<div class=\"elementor-container elementor-column-gap-default\">\n\t\t\t\t\t<div class=\"elementor-column elementor-col-50 elementor-top-column elementor-element elementor-element-b1fa509\" data-id=\"b1fa509\" data-element_type=\"column\" data-e-type=\"column\">\n\t\t\t<div class=\"elementor-widget-wrap elementor-element-populated\">\n\t\t\t\t\t\t<div class=\"elementor-element elementor-element-6cea098 elementor-widget elementor-widget-heading\" data-id=\"6cea098\" data-element_type=\"widget\" data-e-type=\"widget\" data-widget_type=\"heading.default\">\n\t\t\t\t\t<h2 class=\"elementor-heading-title elementor-size-default\">Unsere Autoren<\/h2>\t\t\t\t<\/div>\n\t\t\t\t<div class=\"elementor-element elementor-element-f544a68 elementor-widget elementor-widget-text-editor\" data-id=\"f544a68\" data-element_type=\"widget\" data-e-type=\"widget\" data-widget_type=\"text-editor.default\">\n\t\t\t\t\t\t\t\t\t<p>Adrian Snell (UK)<br \/>Alianna Dijkstra (NL)<br \/>Amy Grant (USA)<br \/>Andr\u00e9 van Zyl (NL)<br \/>Andr\u00e9 Bijleveld (NL)<br \/>Andrew Berthold (USA)<br \/>Andy Park (USA)<br \/>Antoine Oomen (NL)<br \/>Bart Billion (USA)<br \/>Ben Cantelon (CAN\/UK)<br \/>Benjamin Backus (USA)<br \/>Benji Cowart (USA)<br \/>Bradley Knight (USA)<br \/>Brian und Jenn Johnson (USA)<br \/>Brenton Brown (SA\/USA)<br \/>Brian Doerksen (CAN)<br \/>Cam Floria (USA)<br \/>Carin van Essen (NL)<br \/>Chris Bowater (UK)<br \/>Corey Voss (USA)<br \/>Dani\u00ebl Davidis (NL)<br \/>Darlene Zschech (AU)<br \/>David Ruis (CAN)<br \/>Don Marsh (USA)<br \/>Don Moen (USA)<br \/>Dave Bilbrough (UK)<br \/>David Phelps (USA)<br \/>Dustin Lolli (USA)<br \/>Ed Cash (USA)<br \/>Elisa Krijgsman (NL)<br \/>Elly und Rikkert Zuiderveld (NL)<br \/>Eric Lagerstr\u00f6m (NL)<br \/>Erwin de Vos (NL)<br \/>Evert van de Veen (NL)<br \/>Fabian Willems (NL)<br \/>Francesca Battistelli (USA)<br \/>Frank van Essen (NL)<br \/>Geoff Bullock (AUS)<br \/>Gerard Strootman (NL)<br \/>Gerard van Amstel (NL)<br \/>Gerard van Midden (NL)<br \/>Graham Kendrick (UK)<br \/>Hanna Ellis (USA)<br \/>Harold ten Cate (NL)<br \/>Huub Oosterhuis (NL)<br \/>Isreal Houghton (USA)<br \/>Jaap Kramer (NL)<br \/>Jaci Valesquez (USA)<br \/>Jafeth Bekx (NL)<br \/>Jan Quintus Zwart (NL)<br \/>Jason Walker (USA)<br \/>Jens B\u00f6ttcher (D)<br \/>Jenny und Jeremy Riddle (USA)<br \/>Jeremy Camp (USA)<br \/>Joel Lindsey (USA)<br \/>Joseph M. Martin (USA)<br \/>Josh Bronleewe (USA)<br \/>Judith Koedoot (NL)<br \/>Justin Ebach (USA)<br \/>Kalley Heiligenthal (USA)<br \/>Katrin Bienmueller (D)<br \/>Kees Kraayenoord (NL)<br \/>Keith &amp; Krystin Getty (GB)<br \/>Kenna Turner West (USA)<br \/>Kinga Ban (NL)<br \/>Kirk Franklin (USA)<br \/>Kurt Carr (USA)<br \/>Laura Story (US)<br \/>Lee Ann Vermeulen (NL)<br \/>Leeland (USA)<br \/>Lennart Moree (NL)<br \/>Lenny LeBlanc (USA)<br \/>Leon van Veen (NL)<br \/>Lloyd Larson (USA)<br \/>Louie Giglio (USA)<br \/>Luca Genta (NL)<br \/>Marc Campbell (USA)<br \/>Margreeth Ras-van Slooten (NL)<br \/>Matt Maher (USA)<br \/>Michael Farren (USA)<br \/>Michael W. Smith (USA)<br \/>Marcel Koning (NL)<br \/>Mark Schultz (USA)<br \/>Martin Brand (NL)<br \/>Martin Alfsen (N)<br \/>Martin Nystrom (USA)<br \/>Martin Zonnenberg (NL)<br \/>Marty Hamby (USA)<br \/>Matt Redman (UK)<br \/>Minne Veldman (NL)<br \/>Molly Reed (USA)<br \/>Nicole Nordeman (USA)<br \/>Paul Baloche (USA)<br \/>Paul Wilbur (USA)<br \/>Peter van Essen (NL)<br \/>Phil Wickham (USA)<br \/>Ralph van Manen (NL)<br \/>Rebekah White (USA)<br \/>Remco Hakkert (NL)<br \/>Reni &amp; Elisa Krijgsman (NL)<br \/>Reyer van Drongelen (NL)<br \/>Robby Busick (USA)<br \/>Ruslin Odnoralov (USA)<br \/>Russel Fragar (AUS)<br \/>Russel Mauldin (USA)<br \/>Solveigh Leithaug (N)<br \/>Stacie Orrico (USA)<br \/>Stepen Carswell (USA)<br \/>Stefanie Gretzinger (USA)<br \/>Stuart Townend (UK)<br \/>Tanja Lagerstr\u00f6m (NL)<br \/>Tedd Tjornholm (alias Tedd T) (USA)<br \/>Tim Hughes (UK)<br \/>Tony Wood (USA)<br \/>Tore W. Aas (N)<br \/>Travis Cottrell (USA)<br \/>Dreifaltigkeit - Schmelz\/Bos (NL)<br \/>Wayne Haun (USA)<br \/>Wilco Kloosterman (NL)<br \/>Wim Bevelander (NL)<br \/>Wim Pols (NL)<\/p>\t\t\t\t\t\t\t\t<\/div>\n\t\t\t\t\t<\/div>\n\t\t<\/div>\n\t\t\t\t<div class=\"elementor-column elementor-col-50 elementor-top-column elementor-element elementor-element-e494ca5\" data-id=\"e494ca5\" data-element_type=\"column\" data-e-type=\"column\" data-settings=\"{&quot;background_background&quot;:&quot;classic&quot;}\">\n\t\t\t<div class=\"elementor-widget-wrap elementor-element-populated\">\n\t\t\t\t\t\t<div class=\"elementor-element elementor-element-b982cb1 elementor-widget elementor-widget-heading\" data-id=\"b982cb1\" data-element_type=\"widget\" data-e-type=\"widget\" data-widget_type=\"heading.default\">\n\t\t\t\t\t<h2 class=\"elementor-heading-title elementor-size-default\">Verlage<\/h2>\t\t\t\t<\/div>\n\t\t\t\t<div class=\"elementor-element elementor-element-eeea4d6 elementor-widget elementor-widget-text-editor\" data-id=\"eeea4d6\" data-element_type=\"widget\" data-e-type=\"widget\" data-widget_type=\"text-editor.default\">\n\t\t\t\t\t\t\t\t\t<p>Abundant Life Ministries (Benelux)<br \/>Apple Cake Music (Ben, GSA, S\u00fcdafrika &amp; Frankreich)<br \/>Bethel Music Publishing (Europa, au\u00dfer UK\/Eire)<br \/>Bethel Worship (Europa, au\u00dfer UK\/Eire)<br \/>Br\u00fcckenbau-Musik (Europa)<br \/>CA Musik <br \/>Gilde der Chors\u00e4nger (Europa)<br \/>Coltman International (Benelux)<br \/>Kontinentale Klangmusik (Welt)<br \/>Curb Songs (Europa)<br \/>Curb Congregation Songs (Europa)<br \/>Daywind Musik (Benelux)<br \/>Dave Bilbrough Songs (Europa ohne UK)<br \/>Der neue Psalmberming (Welt)<br \/>Designer Musik (Europa)<br \/>Dew Age Publishing (Welt) <br \/>Eastville Songs (Welt)<br \/>Ecovata Musik (Welt)<br \/>Elrik Musik (Welt)<br \/>Ekklesia Music Publishing (Welt)<br \/>Fairhill Musik (Benelux)<br \/>Fair Trade Music (Europa, ohne Scan\/GSA)<br \/>Fiona McCourt Musik (Welt)<br \/>Forerunner Music (Ben, GSA, S\u00fcdafrika &amp; Frankreich)<br \/>Fred Bock Musik (Benelux)<br \/>Fun Attic Music (Benelux)<br \/>Gateway Create Music (Europa ohne UK\/Scan\/GSA)<br \/>Gerald Troost Musik (Welt)<br \/>Getty Music (Ben, GSA, S\u00fcdafrika &amp; Frankreich)<br \/>GIA-Publikationen (Europa, au\u00dfer UK)<br \/>Glory Bells - Macht aus der H\u00f6he <br \/>GospelNow Musik (Welt)<br \/>Hearts United Songs (Welt)<br \/>Heritage Music Press (Europa +SA)<br \/>Hope Publishing Company (Europa, au\u00dfer Gro\u00dfbritannien)<br \/>Howiecowie Publishing (Europa)<br \/>Concord Music Publishing (Brentwood-Benson Music Publishing) (Europa)<br \/>INOT Musik (Benelux)<br \/>Integrity Music Inc.(Benelux)<br \/>Intro Musik Lieder<br \/>Jenny Lee Riddle Music (Ben, GSA, S\u00fcdafrika &amp; Frankreich)<br \/>Joh. de Heer &amp; Zn. (Lizenzb\u00fcro f\u00fcr die Welt)<br \/>John W. Peterson Music Company (Europa)<br \/>Jubilate Music Group (Europa)<br \/>Just in K's Musik (Welt)<br \/>Kids Crew Musik (Welt)<br \/>Kramercy Musik (Welt)<br \/>LA Vermeulen Musik (Welt)<br \/>Heilsarmee (Benelux)<br \/>LifeWay Worship (Europa und S\u00fcdafrika)<br \/>Lillenas Publishing (Ben, GSA, S\u00fcdafrika &amp; Frankreich)<br \/>Lebendiges Wasser Musik (Welt)<br \/>Lorenz Verlagsgesellschaft (Europa + SA)<br \/>Make Way Music (Benelux, GSA &amp; Skandinavien)<br \/>MA Productions (Europa)<br \/>Martin Brand Productions (Welt)<br \/>Mercy Vineyard Musik (Benelux)<br \/>Mike Curb Musik (Europa)<br \/>Moon &amp; Musky Musik (Benelux) <br \/>Musikdienste (Ben, GSA, S\u00fcdafrika &amp; Frankreich)<br \/>New Sprint Publishing (Europa)<br \/>Nordic Sounds Publishing (Welt)<br \/>OCP-Ver\u00f6ffentlichungen (Europa)<br \/>Erweckung (Welt)<br \/>Reli Songs (Welt)<br \/>Restaurationsmusik (Benelux)<br \/>Running into Love Musik (Welt)<br \/>Phil Wickham Music (Europa, au\u00dfer GSA Skandinavien)<br \/>Pilot Point Music (Ben, GSA, S\u00fcdafrika &amp; Frankreich)<br \/>Said and Done Music (Benelux)<br \/>Salvationist Publishing and Supplies (Benelux)<br \/>Samuel Songs (Welt)<br \/>Santa Barbara Musikverlag (Europa)<br \/>Ernste Musik (Europa)<br \/>Shadach Songs (Welt)<br \/>Shawnee Presse<br \/>Simpleville Music (Europa)<br \/>Smallstonemediasongs.com (Welt)<br \/>Song Solutions Daybreak (Benelux)<br \/>Song Solutions CopyCare (Benelux)<br \/>Sovereign Music (Benelux)<br \/>Souver\u00e4ner Lebensstil Musik (Benelux)<br \/>Sony\/ATV (gedruckte Kataloge f\u00fcr chr. Lieder)<br \/>Spiritandsong.com (Europa ohne UK\/Scan\/GSA)<br \/>Stuart K. Hine Trust (Benelux)<br \/>TAMU Music (Tore W. Aas)(Europa, einschlie\u00dflich UK\/Eire)<br \/>Thankyou Music (Benelux)<br \/>Das Unternehmen Loving (Benelux)<br \/>Das Urheberrechtsunternehmen (Benelux)<br \/>Troubadour of the Lord Music (Ben, GSA, S\u00fcdafrika &amp; Frankreich)<br \/>Unisong Music Publishing (Druckerei f\u00fcr Europa)<br \/>Vamos Publishing (Europa ohne UK\/Scan\/GSA)<br \/>Van Ness Press (Europa + SA)<br \/>Vertikale Anbetungslieder (Benelux)<br \/>Vineyard Musik (Benelux)<br \/>WeMobile Music (Europa und S\u00fcdafrika)<br \/>Wesopa Musik (Welt)<br \/>Wundersame Anbetung (Ben, GSA, SA &amp; Fra)<br \/>Wundersam gemachte Lieder (Ben, GSA, SA &amp; Fra)<br \/>Curb Word Music (Europa)<br \/>ZinZing! (Welt)<br \/>21 Lieder (Europa, ohne Scan\/GSA)<\/p>\t\t\t\t\t\t\t\t<\/div>\n\t\t\t\t\t<\/div>\n\t\t<\/div>\n\t\t\t\t\t<\/div>\n\t\t<\/section>\n\t\t\t\t<\/div>","protected":false},"excerpt":{"rendered":"<p>Hier vind je een compleet overzicht van door ons vertegenwoordigde christelijke artiesten en uitgevers. Onze auteurs Adrian Snell (UK) Alianna Dijkstra (NL) Amy Grant (USA) Andr\u00e9 van Zyl (NL) Andr\u00e9 Bijleveld (NL) Andrew Berthold (USA) Andy Park (USA) Antoine Oomen (NL) Bart Miljard (USA) Ben Cantelon (CAN\/UK) Benjamin Backus (USA) Benji Cowart (USA) Bradley Knight [&hellip;]<\/p>\n","protected":false},"author":1,"featured_media":182,"parent":0,"menu_order":0,"comment_status":"closed","ping_status":"closed","template":"elementor_header_footer","meta":{"footnotes":""},"class_list":["post-181","page","type-page","status-publish","has-post-thumbnail","hentry"],"blocksy_meta":{"styles_descriptor":{"styles":{"desktop":"","tablet":"","mobile":""},"google_fonts":[],"version":6}},"_links":{"self":[{"href":"https:\/\/smallstonemedia.com\/de\/wp-json\/wp\/v2\/pages\/181","targetHints":{"allow":["GET"]}}],"collection":[{"href":"https:\/\/smallstonemedia.com\/de\/wp-json\/wp\/v2\/pages"}],"about":[{"href":"https:\/\/smallstonemedia.com\/de\/wp-json\/wp\/v2\/types\/page"}],"author":[{"embeddable":true,"href":"https:\/\/smallstonemedia.com\/de\/wp-json\/wp\/v2\/users\/1"}],"replies":[{"embeddable":true,"href":"https:\/\/smallstonemedia.com\/de\/wp-json\/wp\/v2\/comments?post=181"}],"version-history":[{"count":26,"href":"https:\/\/smallstonemedia.com\/de\/wp-json\/wp\/v2\/pages\/181\/revisions"}],"predecessor-version":[{"id":933,"href":"https:\/\/smallstonemedia.com\/de\/wp-json\/wp\/v2\/pages\/181\/revisions\/933"}],"wp:featuredmedia":[{"embeddable":true,"href":"https:\/\/smallstonemedia.com\/de\/wp-json\/wp\/v2\/media\/182"}],"wp:attachment":[{"href":"https:\/\/smallstonemedia.com\/de\/wp-json\/wp\/v2\/media?parent=181"}],"curies":[{"name":"wp","href":"https:\/\/api.w.org\/{rel}","templated":true}]}}