{"id":162,"date":"2022-05-30T21:17:56","date_gmt":"2022-05-30T21:17:56","guid":{"rendered":"https:\/\/ssm.websitebureau.nl\/?page_id=162"},"modified":"2022-08-30T10:45:39","modified_gmt":"2022-08-30T10:45:39","slug":"nieuws","status":"publish","type":"page","link":"https:\/\/smallstonemedia.com\/de\/nieuws\/","title":{"rendered":"Nachrichten"},"content":{"rendered":"<div data-elementor-type=\"wp-page\" data-elementor-id=\"162\" class=\"elementor elementor-162\" data-elementor-settings=\"{&quot;ha_cmc_init_switcher&quot;:&quot;no&quot;}\" data-elementor-post-type=\"page\">\n\t\t\t\t\t\t<section class=\"elementor-section elementor-top-section elementor-element elementor-element-04a7306 elementor-section-boxed elementor-section-height-default elementor-section-height-default\" data-id=\"04a7306\" data-element_type=\"section\" data-e-type=\"section\" data-settings=\"{&quot;background_background&quot;:&quot;classic&quot;,&quot;_ha_eqh_enable&quot;:false}\">\n\t\t\t\t\t\t\t<div class=\"elementor-background-overlay\"><\/div>\n\t\t\t\t\t\t\t<div class=\"elementor-container elementor-column-gap-default\">\n\t\t\t\t\t<div class=\"elementor-column elementor-col-100 elementor-top-column elementor-element elementor-element-4ac0660\" data-id=\"4ac0660\" data-element_type=\"column\" data-e-type=\"column\">\n\t\t\t<div class=\"elementor-widget-wrap elementor-element-populated\">\n\t\t\t\t\t\t<div class=\"elementor-element elementor-element-a6296f5 elementor-widget elementor-widget-heading\" data-id=\"a6296f5\" data-element_type=\"widget\" data-e-type=\"widget\" data-widget_type=\"heading.default\">\n\t\t\t\t\t<h1 class=\"elementor-heading-title elementor-size-default\">Nachrichten<\/h1>\t\t\t\t<\/div>\n\t\t\t\t<div class=\"elementor-element elementor-element-772a616 elementor-widget elementor-widget-text-editor\" data-id=\"772a616\" data-element_type=\"widget\" data-e-type=\"widget\" data-widget_type=\"text-editor.default\">\n\t\t\t\t\t\t\t\t\t<p>Bleiben Sie auf dem Laufenden \u00fcber die neuesten Entwicklungen bei Small Stone Media: neue K\u00fcnstler, gro\u00dfartige Kollaborationen, Team-Updates und mehr.<\/p>\t\t\t\t\t\t\t\t<\/div>\n\t\t\t\t\t<\/div>\n\t\t<\/div>\n\t\t\t\t\t<\/div>\n\t\t<\/section>\n\t\t\t\t<section class=\"elementor-section elementor-top-section elementor-element elementor-element-f73419a elementor-section-boxed elementor-section-height-default elementor-section-height-default\" data-id=\"f73419a\" data-element_type=\"section\" data-e-type=\"section\" data-settings=\"{&quot;background_background&quot;:&quot;gradient&quot;,&quot;_ha_eqh_enable&quot;:false}\">\n\t\t\t\t\t\t<div class=\"elementor-container elementor-column-gap-default\">\n\t\t\t\t\t<div class=\"elementor-column elementor-col-100 elementor-top-column elementor-element elementor-element-b3e496a\" data-id=\"b3e496a\" data-element_type=\"column\" data-e-type=\"column\">\n\t\t\t<div class=\"elementor-widget-wrap elementor-element-populated\">\n\t\t\t\t\t\t<div class=\"elementor-element elementor-element-521fb3d elementor-grid-3 elementor-grid-tablet-2 elementor-grid-mobile-1 elementor-posts--thumbnail-top elementor-widget elementor-widget-posts\" data-id=\"521fb3d\" data-element_type=\"widget\" data-e-type=\"widget\" data-settings=\"{&quot;classic_columns&quot;:&quot;3&quot;,&quot;classic_columns_tablet&quot;:&quot;2&quot;,&quot;classic_columns_mobile&quot;:&quot;1&quot;,&quot;classic_row_gap&quot;:{&quot;unit&quot;:&quot;px&quot;,&quot;size&quot;:35,&quot;sizes&quot;:[]},&quot;classic_row_gap_tablet&quot;:{&quot;unit&quot;:&quot;px&quot;,&quot;size&quot;:&quot;&quot;,&quot;sizes&quot;:[]},&quot;classic_row_gap_mobile&quot;:{&quot;unit&quot;:&quot;px&quot;,&quot;size&quot;:&quot;&quot;,&quot;sizes&quot;:[]}}\" data-widget_type=\"posts.classic\">\n\t\t\t\t<div class=\"elementor-widget-container\">\n\t\t\t\t\t\t\t<div class=\"elementor-posts-container elementor-posts elementor-posts--skin-classic elementor-grid\" role=\"list\">\n\t\t\t\t<article class=\"elementor-post elementor-grid-item post-1291 post type-post status-publish format-standard has-post-thumbnail hentry category-update\" role=\"listitem\">\n\t\t\t\t<a class=\"elementor-post__thumbnail__link\" href=\"https:\/\/smallstonemedia.com\/de\/het-nieuwe-koormuziek-nl-magazine-is-uit\/\" tabindex=\"-1\">\n\t\t\t<div class=\"elementor-post__thumbnail\"><img fetchpriority=\"high\" decoding=\"async\" width=\"1385\" height=\"1959\" src=\"https:\/\/smallstonemedia.com\/wp-content\/uploads\/2024\/04\/ECC.jpg\" class=\"attachment-full size-full wp-image-1293\" alt=\"\" srcset=\"https:\/\/smallstonemedia.com\/wp-content\/uploads\/2024\/04\/ECC.jpg 1385w, https:\/\/smallstonemedia.com\/wp-content\/uploads\/2024\/04\/ECC-212x300.jpg 212w, https:\/\/smallstonemedia.com\/wp-content\/uploads\/2024\/04\/ECC-724x1024.jpg 724w, https:\/\/smallstonemedia.com\/wp-content\/uploads\/2024\/04\/ECC-768x1086.jpg 768w, https:\/\/smallstonemedia.com\/wp-content\/uploads\/2024\/04\/ECC-1086x1536.jpg 1086w, https:\/\/smallstonemedia.com\/wp-content\/uploads\/2024\/04\/ECC-8x12.jpg 8w\" sizes=\"(max-width: 1385px) 100vw, 1385px\" \/><\/div>\n\t\t<\/a>\n\t\t\t\t<div class=\"elementor-post__text\">\n\t\t\t\t<h3 class=\"elementor-post__title\">\n\t\t\t<a href=\"https:\/\/smallstonemedia.com\/de\/het-nieuwe-koormuziek-nl-magazine-is-uit\/\">\n\t\t\t\tDas neue Choirmusic.NL Magazin ist da!\t\t\t<\/a>\n\t\t<\/h3>\n\t\t\t\t<div class=\"elementor-post__meta-data\">\n\t\t\t\t\t<span class=\"elementor-post-date\">\n\t\t\t12. April 2024\t\t<\/span>\n\t\t\t\t<\/div>\n\t\t\t\t<div class=\"elementor-post__excerpt\">\n\t\t\t<p>Die 70.(!) Ausgabe dieses Magazins, das fr\u00fcher als Katalog des European Choral Club bekannt war, ist wieder vollgepackt mit neuer Musik f\u00fcr Youth Gospel, Mixed, Men's und<\/p>\n\t\t<\/div>\n\t\t\n\t\t<a class=\"elementor-post__read-more\" href=\"https:\/\/smallstonemedia.com\/de\/het-nieuwe-koormuziek-nl-magazine-is-uit\/\" aria-label=\"Mehr \u00fcber Das neue Koormuziek.NL Magazin ist da!\" tabindex=\"-1\">\n\t\t\tMehr lesen \"\t\t<\/a>\n\n\t\t\t\t<\/div>\n\t\t\t\t<\/article>\n\t\t\t\t<article class=\"elementor-post elementor-grid-item post-1289 post type-post status-publish format-standard has-post-thumbnail hentry category-uncategorized\" role=\"listitem\">\n\t\t\t\t<a class=\"elementor-post__thumbnail__link\" href=\"https:\/\/smallstonemedia.com\/de\/aantal-koorzangers-stijgt-weer\/\" tabindex=\"-1\">\n\t\t\t<div class=\"elementor-post__thumbnail\"><img decoding=\"async\" width=\"640\" height=\"477\" src=\"https:\/\/smallstonemedia.com\/wp-content\/uploads\/2022\/08\/Keep-on-Singing-repertoire-dag-van-Small-Stone-Media.jpeg\" class=\"attachment-full size-full wp-image-718\" alt=\"Keep on Singing - repertoiredag van Small Stone Media\" srcset=\"https:\/\/smallstonemedia.com\/wp-content\/uploads\/2022\/08\/Keep-on-Singing-repertoire-dag-van-Small-Stone-Media.jpeg 640w, https:\/\/smallstonemedia.com\/wp-content\/uploads\/2022\/08\/Keep-on-Singing-repertoire-dag-van-Small-Stone-Media-300x224.jpeg 300w, https:\/\/smallstonemedia.com\/wp-content\/uploads\/2022\/08\/Keep-on-Singing-repertoire-dag-van-Small-Stone-Media-16x12.jpeg 16w\" sizes=\"(max-width: 640px) 100vw, 640px\" \/><\/div>\n\t\t<\/a>\n\t\t\t\t<div class=\"elementor-post__text\">\n\t\t\t\t<h3 class=\"elementor-post__title\">\n\t\t\t<a href=\"https:\/\/smallstonemedia.com\/de\/aantal-koorzangers-stijgt-weer\/\">\n\t\t\t\tZahl der Chors\u00e4ngerinnen und Chors\u00e4nger steigt wieder\t\t\t<\/a>\n\t\t<\/h3>\n\t\t\t\t<div class=\"elementor-post__meta-data\">\n\t\t\t\t\t<span class=\"elementor-post-date\">\n\t\t\t12. April 2024\t\t<\/span>\n\t\t\t\t<\/div>\n\t\t\t\t<div class=\"elementor-post__excerpt\">\n\t\t\t<p>Die Zahl der Chors\u00e4nger in den Niederlanden ist wieder im Steigen begriffen. Damit ist die Erholung nach der Korona, die in der Chorwelt gro\u00dfen Schaden angerichtet hat, in vollem Gange.<\/p>\n\t\t<\/div>\n\t\t\n\t\t<a class=\"elementor-post__read-more\" href=\"https:\/\/smallstonemedia.com\/de\/aantal-koorzangers-stijgt-weer\/\" aria-label=\"Mehr \u00fcber Zahl der Chors\u00e4ngerinnen und Chors\u00e4nger steigt wieder\" tabindex=\"-1\">\n\t\t\tMehr lesen \"\t\t<\/a>\n\n\t\t\t\t<\/div>\n\t\t\t\t<\/article>\n\t\t\t\t<article class=\"elementor-post elementor-grid-item post-143 post type-post status-publish format-standard has-post-thumbnail hentry category-update\" role=\"listitem\">\n\t\t\t\t<a class=\"elementor-post__thumbnail__link\" href=\"https:\/\/smallstonemedia.com\/de\/ken-je-zing-een-nieuw-lied-al\/\" tabindex=\"-1\">\n\t\t\t<div class=\"elementor-post__thumbnail\"><img decoding=\"async\" width=\"1200\" height=\"801\" src=\"https:\/\/smallstonemedia.com\/wp-content\/uploads\/2022\/05\/Zing-een-nieuw-lied.jpg\" class=\"attachment-full size-full wp-image-144\" alt=\"Zing een nieuw lied - Small Stone Media\" srcset=\"https:\/\/smallstonemedia.com\/wp-content\/uploads\/2022\/05\/Zing-een-nieuw-lied.jpg 1200w, https:\/\/smallstonemedia.com\/wp-content\/uploads\/2022\/05\/Zing-een-nieuw-lied-300x200.jpg 300w, https:\/\/smallstonemedia.com\/wp-content\/uploads\/2022\/05\/Zing-een-nieuw-lied-1024x684.jpg 1024w, https:\/\/smallstonemedia.com\/wp-content\/uploads\/2022\/05\/Zing-een-nieuw-lied-768x513.jpg 768w\" sizes=\"(max-width: 1200px) 100vw, 1200px\" \/><\/div>\n\t\t<\/a>\n\t\t\t\t<div class=\"elementor-post__text\">\n\t\t\t\t<h3 class=\"elementor-post__title\">\n\t\t\t<a href=\"https:\/\/smallstonemedia.com\/de\/ken-je-zing-een-nieuw-lied-al\/\">\n\t\t\t\tHaben Sie schon von \"Sing a New Song\" geh\u00f6rt?\t\t\t<\/a>\n\t\t<\/h3>\n\t\t\t\t<div class=\"elementor-post__meta-data\">\n\t\t\t\t\t<span class=\"elementor-post-date\">\n\t\t\t10. August 2022\t\t<\/span>\n\t\t\t\t<\/div>\n\t\t\t\t<div class=\"elementor-post__excerpt\">\n\t\t\t<p>Singen ist eine sch\u00f6ne Sache. Wir alle genie\u00dfen die bekannten Lieder, Hymnen, Psalmen und Ges\u00e4nge, aber wir lassen uns auch gerne von neuen Liedern inspirieren. Haben Sie schon von \"Zing een nieuw lied\" geh\u00f6rt?<\/p>\n\t\t<\/div>\n\t\t\n\t\t<a class=\"elementor-post__read-more\" href=\"https:\/\/smallstonemedia.com\/de\/ken-je-zing-een-nieuw-lied-al\/\" aria-label=\"Mehr \u00fcber Kennen Sie schon \u2018Sing a new song\u2019?\" tabindex=\"-1\">\n\t\t\tMehr lesen \"\t\t<\/a>\n\n\t\t\t\t<\/div>\n\t\t\t\t<\/article>\n\t\t\t\t<article class=\"elementor-post elementor-grid-item post-158 post type-post status-publish format-standard has-post-thumbnail hentry category-uncategorized\" role=\"listitem\">\n\t\t\t\t<a class=\"elementor-post__thumbnail__link\" href=\"https:\/\/smallstonemedia.com\/de\/luister-de-nieuwste-muziek-van-koormuziek\/\" tabindex=\"-1\">\n\t\t\t<div class=\"elementor-post__thumbnail\"><img loading=\"lazy\" decoding=\"async\" width=\"1200\" height=\"901\" src=\"https:\/\/smallstonemedia.com\/wp-content\/uploads\/2022\/05\/Luister-nu-naar-Koormuziek.nl_.jpg\" class=\"attachment-full size-full wp-image-159\" alt=\"Luister nu naar Koormuziek.nl\" srcset=\"https:\/\/smallstonemedia.com\/wp-content\/uploads\/2022\/05\/Luister-nu-naar-Koormuziek.nl_.jpg 1200w, https:\/\/smallstonemedia.com\/wp-content\/uploads\/2022\/05\/Luister-nu-naar-Koormuziek.nl_-300x225.jpg 300w, https:\/\/smallstonemedia.com\/wp-content\/uploads\/2022\/05\/Luister-nu-naar-Koormuziek.nl_-1024x769.jpg 1024w, https:\/\/smallstonemedia.com\/wp-content\/uploads\/2022\/05\/Luister-nu-naar-Koormuziek.nl_-768x577.jpg 768w\" sizes=\"(max-width: 1200px) 100vw, 1200px\" \/><\/div>\n\t\t<\/a>\n\t\t\t\t<div class=\"elementor-post__text\">\n\t\t\t\t<h3 class=\"elementor-post__title\">\n\t\t\t<a href=\"https:\/\/smallstonemedia.com\/de\/luister-de-nieuwste-muziek-van-koormuziek\/\">\n\t\t\t\tH\u00f6ren Sie die neueste Musik von Koormuziek.nl\t\t\t<\/a>\n\t\t<\/h3>\n\t\t\t\t<div class=\"elementor-post__meta-data\">\n\t\t\t\t\t<span class=\"elementor-post-date\">\n\t\t\t30. Juli 2022\t\t<\/span>\n\t\t\t\t<\/div>\n\t\t\t\t<div class=\"elementor-post__excerpt\">\n\t\t\t<p>Holen Sie sich Ideen f\u00fcr Ihren Chor oder genie\u00dfen Sie einfach das wunderbar vielseitige Repertoire von Koormuziek.NL!<\/p>\n\t\t<\/div>\n\t\t\n\t\t<a class=\"elementor-post__read-more\" href=\"https:\/\/smallstonemedia.com\/de\/luister-de-nieuwste-muziek-van-koormuziek\/\" aria-label=\"Mehr \u00fcber Luister de nieuwste muziek van Koormuziek.nl\" tabindex=\"-1\">\n\t\t\tMehr lesen \"\t\t<\/a>\n\n\t\t\t\t<\/div>\n\t\t\t\t<\/article>\n\t\t\t\t<\/div>\n\t\t\n\t\t\t\t\t\t<\/div>\n\t\t\t\t<\/div>\n\t\t\t\t\t<\/div>\n\t\t<\/div>\n\t\t\t\t\t<\/div>\n\t\t<\/section>\n\t\t\t\t<\/div>","protected":false},"excerpt":{"rendered":"<p>News Bleiben Sie auf dem Laufenden \u00fcber die neuesten Entwicklungen bei Small Stone Media: neue K\u00fcnstler, tolle Kooperationen, Team-Updates und mehr.<\/p>","protected":false},"author":1,"featured_media":134,"parent":0,"menu_order":0,"comment_status":"closed","ping_status":"closed","template":"elementor_header_footer","meta":{"footnotes":""},"class_list":["post-162","page","type-page","status-publish","has-post-thumbnail","hentry"],"blocksy_meta":{"styles_descriptor":{"styles":{"desktop":"","tablet":"","mobile":""},"google_fonts":[],"version":6}},"_links":{"self":[{"href":"https:\/\/smallstonemedia.com\/de\/wp-json\/wp\/v2\/pages\/162","targetHints":{"allow":["GET"]}}],"collection":[{"href":"https:\/\/smallstonemedia.com\/de\/wp-json\/wp\/v2\/pages"}],"about":[{"href":"https:\/\/smallstonemedia.com\/de\/wp-json\/wp\/v2\/types\/page"}],"author":[{"embeddable":true,"href":"https:\/\/smallstonemedia.com\/de\/wp-json\/wp\/v2\/users\/1"}],"replies":[{"embeddable":true,"href":"https:\/\/smallstonemedia.com\/de\/wp-json\/wp\/v2\/comments?post=162"}],"version-history":[{"count":14,"href":"https:\/\/smallstonemedia.com\/de\/wp-json\/wp\/v2\/pages\/162\/revisions"}],"predecessor-version":[{"id":954,"href":"https:\/\/smallstonemedia.com\/de\/wp-json\/wp\/v2\/pages\/162\/revisions\/954"}],"wp:featuredmedia":[{"embeddable":true,"href":"https:\/\/smallstonemedia.com\/de\/wp-json\/wp\/v2\/media\/134"}],"wp:attachment":[{"href":"https:\/\/smallstonemedia.com\/de\/wp-json\/wp\/v2\/media?parent=162"}],"curies":[{"name":"wp","href":"https:\/\/api.w.org\/{rel}","templated":true}]}}